{"id":27,"date":"2021-02-16T21:23:39","date_gmt":"2021-02-16T21:23:39","guid":{"rendered":"https:\/\/frisch-positiv.de\/testseite\/?page_id=27"},"modified":"2021-02-22T17:36:09","modified_gmt":"2021-02-22T17:36:09","slug":"impressum","status":"publish","type":"page","link":"https:\/\/tobias-tampa.com\/index.php\/impressum\/","title":{"rendered":"Impressum"},"content":{"rendered":"<div>\n<div class=\"elementor-element elementor-element-26cf1fb9 elementor-widget elementor-widget-heading\" data-id=\"26cf1fb9\" data-element_type=\"widget\" data-widget_type=\"heading.default\">\n<div class=\"elementor-widget-container\">\n<h4 class=\"elementor-heading-title elementor-size-default\">Impressum<\/h4>\n<\/div>\n<\/div>\n<div class=\"elementor-element elementor-element-3fd8244a elementor-widget elementor-widget-text-editor\" data-id=\"3fd8244a\" data-element_type=\"widget\" data-widget_type=\"text-editor.default\">\n<div class=\"elementor-widget-container\">\n<div class=\"elementor-text-editor elementor-clearfix\">\n<h2>Angaben gem\u00e4\u00df \u00a7 5 TMG<\/h2>\n<p>Tobias Tampa<br \/>Arbostra\u00dfe 14<br \/>85055 Ingolstadt<\/p>\n<h2>Kontakt<\/h2>\n<p>Telefon: 017643680561<br \/>E-Mail: tobiastampa12@gmail.com<\/p>\n<h2>Umsatzsteuer-ID<\/h2>\n<p>Umsatzsteuer-Identifikationsnummer gem\u00e4\u00df \u00a727 a Umsatzsteuergesetz:<br \/>124\/280\/11196<\/p>\n<h2>Angaben zur Berufshaftpflichtversicherung<\/h2>\n<p><strong>Name und Sitz des Versicherers:<\/strong><br \/>Generali Deutschland AG<br \/>Adenauerring 7<br \/>81737 M\u00fcnchen<\/p>\n<p><strong>Geltungsraum der Versicherung:<\/strong><br \/>Deutschland<\/p>\n<h2>Streitschlichtung<\/h2>\n<p>Die Europ\u00e4ische Kommission stellt eine Plattform zur Online-Streitbeilegung (OS) bereit:\u00a0<a href=\"https:\/\/ec.europa.eu\/consumers\/odr\" target=\"_blank\" rel=\"noopener noreferrer\">https:\/\/ec.europa.eu\/consumers\/odr<\/a>.<br \/>Unsere E-Mail-Adresse finden Sie oben im Impressum.<\/p>\n<p>Wir sind nicht bereit oder verpflichtet, an Streitbeilegungsverfahren vor einer Verbraucherschlichtungsstelle teilzunehmen.<\/p>\n<h3>Haftung f\u00fcr Inhalte<\/h3>\n<p>Als Diensteanbieter sind wir gem\u00e4\u00df \u00a7 7 Abs.1 TMG f\u00fcr eigene Inhalte auf diesen Seiten nach den allgemeinen Gesetzen verantwortlich. Nach \u00a7\u00a7 8 bis 10 TMG sind wir als Diensteanbieter jedoch nicht verpflichtet, \u00fcbermittelte oder gespeicherte fremde Informationen zu \u00fcberwachen oder nach Umst\u00e4nden zu forschen, die auf eine rechtswidrige T\u00e4tigkeit hinweisen.<\/p>\n<p>Verpflichtungen zur Entfernung oder Sperrung der Nutzung von Informationen nach den allgemeinen Gesetzen bleiben hiervon unber\u00fchrt. Eine diesbez\u00fcgliche Haftung ist jedoch erst ab dem Zeitpunkt der Kenntnis einer konkreten Rechtsverletzung m\u00f6glich. Bei Bekanntwerden von entsprechenden Rechtsverletzungen werden wir diese Inhalte umgehend entfernen.<\/p>\n<h3>Haftung f\u00fcr Links<\/h3>\n<p>Unser Angebot enth\u00e4lt Links zu externen Websites Dritter, auf deren Inhalte wir keinen Einfluss haben. Deshalb k\u00f6nnen wir f\u00fcr diese fremden Inhalte auch keine Gew\u00e4hr \u00fcbernehmen. F\u00fcr die Inhalte der verlinkten Seiten ist stets der jeweilige Anbieter oder Betreiber der Seiten verantwortlich. Die verlinkten Seiten wurden zum Zeitpunkt der Verlinkung auf m\u00f6gliche Rechtsverst\u00f6\u00dfe \u00fcberpr\u00fcft. Rechtswidrige Inhalte waren zum Zeitpunkt der Verlinkung nicht erkennbar.<\/p>\n<p>Eine permanente inhaltliche Kontrolle der verlinkten Seiten ist jedoch ohne konkrete Anhaltspunkte einer Rechtsverletzung nicht zumutbar. Bei Bekanntwerden von Rechtsverletzungen werden wir derartige Links umgehend entfernen.<\/p>\n<h3>Urheberrecht<\/h3>\n<p>Die durch die Seitenbetreiber erstellten Inhalte und Werke auf diesen Seiten unterliegen dem deutschen Urheberrecht. Die Vervielf\u00e4ltigung, Bearbeitung, Verbreitung und jede Art der Verwertung au\u00dferhalb der Grenzen des Urheberrechtes bed\u00fcrfen der schriftlichen Zustimmung des jeweiligen Autors bzw. Erstellers. Downloads und Kopien dieser Seite sind nur f\u00fcr den privaten, nicht kommerziellen Gebrauch gestattet.<\/p>\n<p>Soweit die Inhalte auf dieser Seite nicht vom Betreiber erstellt wurden, werden die Urheberrechte Dritter beachtet. Insbesondere werden Inhalte Dritter als solche gekennzeichnet. Sollten Sie trotzdem auf eine Urheberrechtsverletzung aufmerksam werden, bitten wir um einen entsprechenden Hinweis. Bei Bekanntwerden von Rechtsverletzungen werden wir derartige Inhalte umgehend entfernen.<\/p>\n<p>Quelle:\u00a0<a href=\"https:\/\/www.e-recht24.de\/\">https:\/\/www.e-recht24.de<\/a><\/p>\n<\/div>\n<\/div>\n<\/div>\n<\/div>\n<p><!-- {\"type\":\"layout\",\"children\":[{\"type\":\"section\",\"props\":{\"style\":\"default\",\"width\":\"default\",\"vertical_align\":\"middle\",\"title_position\":\"top-left\",\"title_rotation\":\"left\",\"title_breakpoint\":\"xl\",\"image_position\":\"center-center\"},\"children\":[{\"type\":\"row\",\"children\":[{\"type\":\"column\",\"props\":{\"image_position\":\"center-center\",\"media_overlay_gradient\":\"\"},\"children\":[{\"type\":\"text\",\"props\":{\"margin\":\"default\",\"column_breakpoint\":\"m\",\"content\":\"\n\n<div class=\\\"elementor-element elementor-element-26cf1fb9 elementor-widget elementor-widget-heading\\\" data-id=\\\"26cf1fb9\\\" data-element_type=\\\"widget\\\" data-widget_type=\\\"heading.default\\\">\\n\n\n<div class=\\\"elementor-widget-container\\\">\\n\n\n<h4 class=\\\"elementor-heading-title elementor-size-default\\\">Impressum<\\\/h4>\\n<\\\/div>\\n<\\\/div>\\n\n\n<div class=\\\"elementor-element elementor-element-3fd8244a elementor-widget elementor-widget-text-editor\\\" data-id=\\\"3fd8244a\\\" data-element_type=\\\"widget\\\" data-widget_type=\\\"text-editor.default\\\">\\n\n\n<div class=\\\"elementor-widget-container\\\">\\n\n\n<div class=\\\"elementor-text-editor elementor-clearfix\\\">\\n\n\n<h2>Angaben gem\\u00e4\\u00df \\u00a7 5 TMG<\\\/h2>\\n\n\n<p>Tobias Tampa<br \\\/>Arbostra\\u00dfe 14<br \\\/>85055 Ingolstadt<\\\/p>\\n\n\n<h2>Kontakt<\\\/h2>\\n\n\n<p>Telefon: 017643680561<br \\\/>E-Mail: tobiastampa12@gmail.com<\\\/p>\\n\n\n<h2>Umsatzsteuer-ID<\\\/h2>\\n\n\n<p>Umsatzsteuer-Identifikationsnummer gem\\u00e4\\u00df \\u00a727 a Umsatzsteuergesetz:<br \\\/>124\\\/280\\\/11196<\\\/p>\\n\n\n<h2>Angaben zur Berufshaftpflichtversicherung<\\\/h2>\\n\n\n<p><strong>Name und Sitz des Versicherers:<\\\/strong><br \\\/>Generali Deutschland AG<br \\\/>Adenauerring 7<br \\\/>81737 M\\u00fcnchen<\\\/p>\\n\n\n<p><strong>Geltungsraum der Versicherung:<\\\/strong><br \\\/>Deutschland<\\\/p>\\n\n\n<h2>Streitschlichtung<\\\/h2>\\n\n\n<p>Die Europ\\u00e4ische Kommission stellt eine Plattform zur Online-Streitbeilegung (OS) bereit:\\u00a0<a href=\\\"https:\\\/\\\/ec.europa.eu\\\/consumers\\\/odr\\\" target=\\\"_blank\\\" rel=\\\"noopener noreferrer\\\">https:\\\/\\\/ec.europa.eu\\\/consumers\\\/odr<\\\/a>.<br \\\/>Unsere E-Mail-Adresse finden Sie oben im Impressum.<\\\/p>\\n\n\n<p>Wir sind nicht bereit oder verpflichtet, an Streitbeilegungsverfahren vor einer Verbraucherschlichtungsstelle teilzunehmen.<\\\/p>\\n\n\n<h3>Haftung f\\u00fcr Inhalte<\\\/h3>\\n\n\n<p>Als Diensteanbieter sind wir gem\\u00e4\\u00df \\u00a7 7 Abs.1 TMG f\\u00fcr eigene Inhalte auf diesen Seiten nach den allgemeinen Gesetzen verantwortlich. Nach \\u00a7\\u00a7 8 bis 10 TMG sind wir als Diensteanbieter jedoch nicht verpflichtet, \\u00fcbermittelte oder gespeicherte fremde Informationen zu \\u00fcberwachen oder nach Umst\\u00e4nden zu forschen, die auf eine rechtswidrige T\\u00e4tigkeit hinweisen.<\\\/p>\\n\n\n<p>Verpflichtungen zur Entfernung oder Sperrung der Nutzung von Informationen nach den allgemeinen Gesetzen bleiben hiervon unber\\u00fchrt. Eine diesbez\\u00fcgliche Haftung ist jedoch erst ab dem Zeitpunkt der Kenntnis einer konkreten Rechtsverletzung m\\u00f6glich. Bei Bekanntwerden von entsprechenden Rechtsverletzungen werden wir diese Inhalte umgehend entfernen.<\\\/p>\\n\n\n<h3>Haftung f\\u00fcr Links<\\\/h3>\\n\n\n<p>Unser Angebot enth\\u00e4lt Links zu externen Websites Dritter, auf deren Inhalte wir keinen Einfluss haben. Deshalb k\\u00f6nnen wir f\\u00fcr diese fremden Inhalte auch keine Gew\\u00e4hr \\u00fcbernehmen. F\\u00fcr die Inhalte der verlinkten Seiten ist stets der jeweilige Anbieter oder Betreiber der Seiten verantwortlich. Die verlinkten Seiten wurden zum Zeitpunkt der Verlinkung auf m\\u00f6gliche Rechtsverst\\u00f6\\u00dfe \\u00fcberpr\\u00fcft. Rechtswidrige Inhalte waren zum Zeitpunkt der Verlinkung nicht erkennbar.<\\\/p>\\n\n\n<p>Eine permanente inhaltliche Kontrolle der verlinkten Seiten ist jedoch ohne konkrete Anhaltspunkte einer Rechtsverletzung nicht zumutbar. Bei Bekanntwerden von Rechtsverletzungen werden wir derartige Links umgehend entfernen.<\\\/p>\\n\n\n<h3>Urheberrecht<\\\/h3>\\n\n\n<p>Die durch die Seitenbetreiber erstellten Inhalte und Werke auf diesen Seiten unterliegen dem deutschen Urheberrecht. Die Vervielf\\u00e4ltigung, Bearbeitung, Verbreitung und jede Art der Verwertung au\\u00dferhalb der Grenzen des Urheberrechtes bed\\u00fcrfen der schriftlichen Zustimmung des jeweiligen Autors bzw. Erstellers. Downloads und Kopien dieser Seite sind nur f\\u00fcr den privaten, nicht kommerziellen Gebrauch gestattet.<\\\/p>\\n\n\n<p>Soweit die Inhalte auf dieser Seite nicht vom Betreiber erstellt wurden, werden die Urheberrechte Dritter beachtet. Insbesondere werden Inhalte Dritter als solche gekennzeichnet. Sollten Sie trotzdem auf eine Urheberrechtsverletzung aufmerksam werden, bitten wir um einen entsprechenden Hinweis. Bei Bekanntwerden von Rechtsverletzungen werden wir derartige Inhalte umgehend entfernen.<\\\/p>\\n\n\n<p>Quelle:\\u00a0<a href=\\\"https:\\\/\\\/www.e-recht24.de\\\/\\\">https:\\\/\\\/www.e-recht24.de<\\\/a><\\\/p>\\n<\\\/div>\\n<\\\/div>\\n<\\\/div>\"}}]}]}]}],\"version\":\"2.3.32\"} --><\/p>\n","protected":false},"excerpt":{"rendered":"<p>Impressum Angaben gem\u00e4\u00df \u00a7 5 TMG Tobias TampaArbostra\u00dfe 1485055 Ingolstadt Kontakt Telefon: 017643680561E-Mail: tobiastampa12@gmail.com Umsatzsteuer-ID Umsatzsteuer-Identifikationsnummer gem\u00e4\u00df \u00a727 a Umsatzsteuergesetz:124\/280\/11196 Angaben zur Berufshaftpflichtversicherung Name und Sitz des Versicherers:Generali Deutschland AGAdenauerring 781737 M\u00fcnchen Geltungsraum der Versicherung:Deutschland Streitschlichtung Die Europ\u00e4ische Kommission stellt eine Plattform zur Online-Streitbeilegung (OS) bereit:\u00a0https:\/\/ec.europa.eu\/consumers\/odr.Unsere E-Mail-Adresse finden Sie oben im Impressum. Wir sind nicht [&hellip;]<\/p>\n","protected":false},"author":1,"featured_media":0,"parent":0,"menu_order":0,"comment_status":"closed","ping_status":"closed","template":"","meta":{"footnotes":""},"class_list":["post-27","page","type-page","status-publish","hentry"],"yoast_head":"<!-- This site is optimized with the Yoast SEO plugin v27.4 - https:\/\/yoast.com\/product\/yoast-seo-wordpress\/ -->\n<title>Impressum - Masterclass der F\u00fclle<\/title>\n<meta name=\"robots\" content=\"noindex, follow, max-snippet:-1, max-image-preview:large, max-video-preview:-1\" \/>\n<meta property=\"og:locale\" content=\"de_DE\" \/>\n<meta property=\"og:type\" content=\"article\" \/>\n<meta property=\"og:title\" content=\"Impressum - Masterclass der F\u00fclle\" \/>\n<meta property=\"og:description\" content=\"Impressum Angaben gem\u00e4\u00df \u00a7 5 TMG Tobias TampaArbostra\u00dfe 1485055 Ingolstadt Kontakt Telefon: 017643680561E-Mail: tobiastampa12@gmail.com Umsatzsteuer-ID Umsatzsteuer-Identifikationsnummer gem\u00e4\u00df \u00a727 a Umsatzsteuergesetz:124\/280\/11196 Angaben zur Berufshaftpflichtversicherung Name und Sitz des Versicherers:Generali Deutschland AGAdenauerring 781737 M\u00fcnchen Geltungsraum der Versicherung:Deutschland Streitschlichtung Die Europ\u00e4ische Kommission stellt eine Plattform zur Online-Streitbeilegung (OS) bereit:\u00a0https:\/\/ec.europa.eu\/consumers\/odr.Unsere E-Mail-Adresse finden Sie oben im Impressum. Wir sind nicht [&hellip;]\" \/>\n<meta property=\"og:url\" content=\"https:\/\/tobias-tampa.com\/index.php\/impressum\/\" \/>\n<meta property=\"og:site_name\" content=\"Masterclass der F\u00fclle\" \/>\n<meta property=\"article:modified_time\" content=\"2021-02-22T17:36:09+00:00\" \/>\n<meta name=\"twitter:card\" content=\"summary_large_image\" \/>\n<meta name=\"twitter:label1\" content=\"Gesch\u00e4tzte Lesezeit\" \/>\n\t<meta name=\"twitter:data1\" content=\"2\u00a0Minuten\" \/>\n<script type=\"application\/ld+json\" class=\"yoast-schema-graph\">{\"@context\":\"https:\\\/\\\/schema.org\",\"@graph\":[{\"@type\":\"WebPage\",\"@id\":\"https:\\\/\\\/tobias-tampa.com\\\/index.php\\\/impressum\\\/\",\"url\":\"https:\\\/\\\/tobias-tampa.com\\\/index.php\\\/impressum\\\/\",\"name\":\"Impressum - Masterclass der F\u00fclle\",\"isPartOf\":{\"@id\":\"https:\\\/\\\/tobias-tampa.com\\\/#website\"},\"datePublished\":\"2021-02-16T21:23:39+00:00\",\"dateModified\":\"2021-02-22T17:36:09+00:00\",\"breadcrumb\":{\"@id\":\"https:\\\/\\\/tobias-tampa.com\\\/index.php\\\/impressum\\\/#breadcrumb\"},\"inLanguage\":\"de\",\"potentialAction\":[{\"@type\":\"ReadAction\",\"target\":[\"https:\\\/\\\/tobias-tampa.com\\\/index.php\\\/impressum\\\/\"]}]},{\"@type\":\"BreadcrumbList\",\"@id\":\"https:\\\/\\\/tobias-tampa.com\\\/index.php\\\/impressum\\\/#breadcrumb\",\"itemListElement\":[{\"@type\":\"ListItem\",\"position\":1,\"name\":\"Home\",\"item\":\"https:\\\/\\\/tobias-tampa.com\\\/\"},{\"@type\":\"ListItem\",\"position\":2,\"name\":\"Impressum\"}]},{\"@type\":\"WebSite\",\"@id\":\"https:\\\/\\\/tobias-tampa.com\\\/#website\",\"url\":\"https:\\\/\\\/tobias-tampa.com\\\/\",\"name\":\"Masterclass der F\u00fclle\",\"description\":\"Tobias Tampa\",\"potentialAction\":[{\"@type\":\"SearchAction\",\"target\":{\"@type\":\"EntryPoint\",\"urlTemplate\":\"https:\\\/\\\/tobias-tampa.com\\\/?s={search_term_string}\"},\"query-input\":{\"@type\":\"PropertyValueSpecification\",\"valueRequired\":true,\"valueName\":\"search_term_string\"}}],\"inLanguage\":\"de\"}]}<\/script>\n<!-- \/ Yoast SEO plugin. -->","yoast_head_json":{"title":"Impressum - Masterclass der F\u00fclle","robots":{"index":"noindex","follow":"follow","max-snippet":"max-snippet:-1","max-image-preview":"max-image-preview:large","max-video-preview":"max-video-preview:-1"},"og_locale":"de_DE","og_type":"article","og_title":"Impressum - Masterclass der F\u00fclle","og_description":"Impressum Angaben gem\u00e4\u00df \u00a7 5 TMG Tobias TampaArbostra\u00dfe 1485055 Ingolstadt Kontakt Telefon: 017643680561E-Mail: tobiastampa12@gmail.com Umsatzsteuer-ID Umsatzsteuer-Identifikationsnummer gem\u00e4\u00df \u00a727 a Umsatzsteuergesetz:124\/280\/11196 Angaben zur Berufshaftpflichtversicherung Name und Sitz des Versicherers:Generali Deutschland AGAdenauerring 781737 M\u00fcnchen Geltungsraum der Versicherung:Deutschland Streitschlichtung Die Europ\u00e4ische Kommission stellt eine Plattform zur Online-Streitbeilegung (OS) bereit:\u00a0https:\/\/ec.europa.eu\/consumers\/odr.Unsere E-Mail-Adresse finden Sie oben im Impressum. Wir sind nicht [&hellip;]","og_url":"https:\/\/tobias-tampa.com\/index.php\/impressum\/","og_site_name":"Masterclass der F\u00fclle","article_modified_time":"2021-02-22T17:36:09+00:00","twitter_card":"summary_large_image","twitter_misc":{"Gesch\u00e4tzte Lesezeit":"2\u00a0Minuten"},"schema":{"@context":"https:\/\/schema.org","@graph":[{"@type":"WebPage","@id":"https:\/\/tobias-tampa.com\/index.php\/impressum\/","url":"https:\/\/tobias-tampa.com\/index.php\/impressum\/","name":"Impressum - Masterclass der F\u00fclle","isPartOf":{"@id":"https:\/\/tobias-tampa.com\/#website"},"datePublished":"2021-02-16T21:23:39+00:00","dateModified":"2021-02-22T17:36:09+00:00","breadcrumb":{"@id":"https:\/\/tobias-tampa.com\/index.php\/impressum\/#breadcrumb"},"inLanguage":"de","potentialAction":[{"@type":"ReadAction","target":["https:\/\/tobias-tampa.com\/index.php\/impressum\/"]}]},{"@type":"BreadcrumbList","@id":"https:\/\/tobias-tampa.com\/index.php\/impressum\/#breadcrumb","itemListElement":[{"@type":"ListItem","position":1,"name":"Home","item":"https:\/\/tobias-tampa.com\/"},{"@type":"ListItem","position":2,"name":"Impressum"}]},{"@type":"WebSite","@id":"https:\/\/tobias-tampa.com\/#website","url":"https:\/\/tobias-tampa.com\/","name":"Masterclass der F\u00fclle","description":"Tobias Tampa","potentialAction":[{"@type":"SearchAction","target":{"@type":"EntryPoint","urlTemplate":"https:\/\/tobias-tampa.com\/?s={search_term_string}"},"query-input":{"@type":"PropertyValueSpecification","valueRequired":true,"valueName":"search_term_string"}}],"inLanguage":"de"}]}},"_links":{"self":[{"href":"https:\/\/tobias-tampa.com\/index.php\/wp-json\/wp\/v2\/pages\/27","targetHints":{"allow":["GET"]}}],"collection":[{"href":"https:\/\/tobias-tampa.com\/index.php\/wp-json\/wp\/v2\/pages"}],"about":[{"href":"https:\/\/tobias-tampa.com\/index.php\/wp-json\/wp\/v2\/types\/page"}],"author":[{"embeddable":true,"href":"https:\/\/tobias-tampa.com\/index.php\/wp-json\/wp\/v2\/users\/1"}],"replies":[{"embeddable":true,"href":"https:\/\/tobias-tampa.com\/index.php\/wp-json\/wp\/v2\/comments?post=27"}],"version-history":[{"count":2,"href":"https:\/\/tobias-tampa.com\/index.php\/wp-json\/wp\/v2\/pages\/27\/revisions"}],"predecessor-version":[{"id":388,"href":"https:\/\/tobias-tampa.com\/index.php\/wp-json\/wp\/v2\/pages\/27\/revisions\/388"}],"wp:attachment":[{"href":"https:\/\/tobias-tampa.com\/index.php\/wp-json\/wp\/v2\/media?parent=27"}],"curies":[{"name":"wp","href":"https:\/\/api.w.org\/{rel}","templated":true}]}}